{"id":1256,"date":"2023-11-23T12:33:04","date_gmt":"2023-11-23T12:33:04","guid":{"rendered":"https:\/\/fhu-greko.pl\/?page_id=1256"},"modified":"2026-01-07T13:44:54","modified_gmt":"2026-01-07T13:44:54","slug":"plyta-warstwowa","status":"publish","type":"page","link":"https:\/\/fhu-greko.pl\/index.php\/plyta-warstwowa\/","title":{"rendered":"P\u0142yta warstwowa"},"content":{"rendered":"\t\t<div data-elementor-type=\"wp-page\" data-elementor-id=\"1256\" class=\"elementor elementor-1256\">\n\t\t\t\t\t\t<section class=\"elementor-section elementor-top-section elementor-element elementor-element-a92c941 elementor-section-content-middle elementor-section-boxed elementor-section-height-default elementor-section-height-default\" data-id=\"a92c941\" data-element_type=\"section\" data-e-type=\"section\">\n\t\t\t\t\t\t<div class=\"elementor-container elementor-column-gap-no\">\n\t\t\t\t\t<div class=\"elementor-column elementor-col-100 elementor-top-column elementor-element elementor-element-66fc00eb\" data-id=\"66fc00eb\" data-element_type=\"column\" data-e-type=\"column\" data-settings=\"{&quot;background_background&quot;:&quot;classic&quot;}\">\n\t\t\t<div class=\"elementor-widget-wrap elementor-element-populated\">\n\t\t\t\t\t\t<div class=\"elementor-element elementor-element-15d4d783 elementor-widget__width-inherit elementor-widget elementor-widget-heading\" data-id=\"15d4d783\" data-element_type=\"widget\" data-e-type=\"widget\" data-widget_type=\"heading.default\">\n\t\t\t\t<div class=\"elementor-widget-container\">\n\t\t\t\t\t<h4 class=\"elementor-heading-title elementor-size-default\">FAQ<\/h4>\t\t\t\t<\/div>\n\t\t\t\t<\/div>\n\t\t\t\t<div class=\"elementor-element elementor-element-2f528f84 elementor-widget elementor-widget-heading\" data-id=\"2f528f84\" data-element_type=\"widget\" data-e-type=\"widget\" data-widget_type=\"heading.default\">\n\t\t\t\t<div class=\"elementor-widget-container\">\n\t\t\t\t\t<h6 class=\"elementor-heading-title elementor-size-default\">Najcz\u0119\u015bciej zadawane pytania<\/h6>\t\t\t\t<\/div>\n\t\t\t\t<\/div>\n\t\t\t\t<div class=\"elementor-element elementor-element-2b608ae2 elementor-widget elementor-widget-toggle\" data-id=\"2b608ae2\" data-element_type=\"widget\" data-e-type=\"widget\" data-widget_type=\"toggle.default\">\n\t\t\t\t<div class=\"elementor-widget-container\">\n\t\t\t\t\t\t\t<div class=\"elementor-toggle\">\n\t\t\t\t\t\t\t<div class=\"elementor-toggle-item\">\n\t\t\t\t\t<div id=\"elementor-tab-title-7271\" class=\"elementor-tab-title\" data-tab=\"1\" role=\"button\" aria-controls=\"elementor-tab-content-7271\" aria-expanded=\"false\">\n\t\t\t\t\t\t\t\t\t\t\t\t<span class=\"elementor-toggle-icon elementor-toggle-icon-right\" aria-hidden=\"true\">\n\t\t\t\t\t\t\t\t\t\t\t\t\t\t\t<span class=\"elementor-toggle-icon-closed\"><i class=\"fas fa-caret-right\"><\/i><\/span>\n\t\t\t\t\t\t\t\t<span class=\"elementor-toggle-icon-opened\"><i class=\"elementor-toggle-icon-opened fas fa-caret-up\"><\/i><\/span>\n\t\t\t\t\t\t\t\t\t\t\t\t\t<\/span>\n\t\t\t\t\t\t\t\t\t\t\t\t<a class=\"elementor-toggle-title\" tabindex=\"0\">co to jest p\u0142yta warstwowa?<\/a>\n\t\t\t\t\t<\/div>\n\n\t\t\t\t\t<div id=\"elementor-tab-content-7271\" class=\"elementor-tab-content elementor-clearfix\" data-tab=\"1\" role=\"region\" aria-labelledby=\"elementor-tab-title-7271\"><p>P\u0142yta warstwowa to rodzaj materia\u0142u budowlanego, kt\u00f3ry sk\u0142ada si\u0119 z dw\u00f3ch warstw materia\u0142u ok\u0142adzinowego, takich jak blacha lub p\u0142yta OSB, po\u0142\u0105czonych warstw\u0105 izolacji, takiej jak poliuretan lub pianka poliizocyjanurowa. P\u0142yty warstwowe s\u0105 dost\u0119pne w r\u00f3\u017cnych grubo\u015bciach, w zale\u017cno\u015bci od wymaga\u0144 aplikacji.<\/p><p>Przyk\u0142adowe zdj\u0119cie przedstawia p\u0142yt\u0119 z rdzeniem z we\u0142ny mineralnej, kt\u00f3re zapewnia wysok\u0105 odporno\u015b\u0107 na ogie\u0144.\u00a0\u00a0<br \/><img fetchpriority=\"high\" decoding=\"async\" class=\"size-medium wp-image-1288 alignleft\" src=\"https:\/\/fhu-greko.pl\/wp-content\/uploads\/2024\/01\/rdzen-welniany-225x300.jpg\" alt=\"\" width=\"225\" height=\"300\" srcset=\"https:\/\/fhu-greko.pl\/wp-content\/uploads\/2024\/01\/rdzen-welniany-225x300.jpg 225w, https:\/\/fhu-greko.pl\/wp-content\/uploads\/2024\/01\/rdzen-welniany-768x1024.jpg 768w, https:\/\/fhu-greko.pl\/wp-content\/uploads\/2024\/01\/rdzen-welniany-1152x1536.jpg 1152w, https:\/\/fhu-greko.pl\/wp-content\/uploads\/2024\/01\/rdzen-welniany.jpg 1500w\" sizes=\"(max-width: 225px) 100vw, 225px\" \/><\/p><\/div>\n\t\t\t\t<\/div>\n\t\t\t\t\t\t\t<div class=\"elementor-toggle-item\">\n\t\t\t\t\t<div id=\"elementor-tab-title-7272\" class=\"elementor-tab-title\" data-tab=\"2\" role=\"button\" aria-controls=\"elementor-tab-content-7272\" aria-expanded=\"false\">\n\t\t\t\t\t\t\t\t\t\t\t\t<span class=\"elementor-toggle-icon elementor-toggle-icon-right\" aria-hidden=\"true\">\n\t\t\t\t\t\t\t\t\t\t\t\t\t\t\t<span class=\"elementor-toggle-icon-closed\"><i class=\"fas fa-caret-right\"><\/i><\/span>\n\t\t\t\t\t\t\t\t<span class=\"elementor-toggle-icon-opened\"><i class=\"elementor-toggle-icon-opened fas fa-caret-up\"><\/i><\/span>\n\t\t\t\t\t\t\t\t\t\t\t\t\t<\/span>\n\t\t\t\t\t\t\t\t\t\t\t\t<a class=\"elementor-toggle-title\" tabindex=\"0\">do czego si\u0119 nadaje p\u0142yta warstwowa?<\/a>\n\t\t\t\t\t<\/div>\n\n\t\t\t\t\t<div id=\"elementor-tab-content-7272\" class=\"elementor-tab-content elementor-clearfix\" data-tab=\"2\" role=\"region\" aria-labelledby=\"elementor-tab-title-7272\"><p data-sourcepos=\"1:1-1:100\">P\u0142yty warstwowe to uniwersalny materia\u0142 budowlany, kt\u00f3ry mo\u017cna stosowa\u0107 do r\u00f3\u017cnych cel\u00f3w, w tym:<\/p><ul data-sourcepos=\"3:1-8:0\"><li data-sourcepos=\"3:1-3:28\">Obudowy dach\u00f3w i \u015bcian<\/li><li data-sourcepos=\"4:1-4:33\">Budowania hal przemys\u0142owych<\/li><li data-sourcepos=\"5:1-5:24\">Renowacji budynk\u00f3w<\/li><li data-sourcepos=\"6:1-6:33\">Sk\u0142adowania i magazynowania<\/li><li data-sourcepos=\"7:1-8:0\">Bezpiecze\u0144stwa<\/li><\/ul><\/div>\n\t\t\t\t<\/div>\n\t\t\t\t\t\t\t<div class=\"elementor-toggle-item\">\n\t\t\t\t\t<div id=\"elementor-tab-title-7273\" class=\"elementor-tab-title\" data-tab=\"3\" role=\"button\" aria-controls=\"elementor-tab-content-7273\" aria-expanded=\"false\">\n\t\t\t\t\t\t\t\t\t\t\t\t<span class=\"elementor-toggle-icon elementor-toggle-icon-right\" aria-hidden=\"true\">\n\t\t\t\t\t\t\t\t\t\t\t\t\t\t\t<span class=\"elementor-toggle-icon-closed\"><i class=\"fas fa-caret-right\"><\/i><\/span>\n\t\t\t\t\t\t\t\t<span class=\"elementor-toggle-icon-opened\"><i class=\"elementor-toggle-icon-opened fas fa-caret-up\"><\/i><\/span>\n\t\t\t\t\t\t\t\t\t\t\t\t\t<\/span>\n\t\t\t\t\t\t\t\t\t\t\t\t<a class=\"elementor-toggle-title\" tabindex=\"0\">jak si\u0119 montuje p\u0142yt\u0119 warstwow\u0105?<\/a>\n\t\t\t\t\t<\/div>\n\n\t\t\t\t\t<div id=\"elementor-tab-content-7273\" class=\"elementor-tab-content elementor-clearfix\" data-tab=\"3\" role=\"region\" aria-labelledby=\"elementor-tab-title-7273\"><p>P\u0142yty warstwowe montujemy najcz\u0119\u015bciej do konstrukcji metalowych, specjalnymi wkr\u0119tami (\u0142\u0105cznikami). Zale\u017cnie od rodzaju wybranej p\u0142yty stosuje si\u0119 kilka r\u00f3\u017cnych metod.<\/p><p>P\u0142yty mo\u017cna montowa\u0107 w pionie lub w poziomie. Zapraszamy do rozmowy, aby ustali\u0107 jaki spos\u00f3b monta\u017cu b\u0119dzie najodpowiedniejszy dla Pa\u0144stwa potrzeb.\u00a0<\/p><\/div>\n\t\t\t\t<\/div>\n\t\t\t\t\t\t\t<div class=\"elementor-toggle-item\">\n\t\t\t\t\t<div id=\"elementor-tab-title-7274\" class=\"elementor-tab-title\" data-tab=\"4\" role=\"button\" aria-controls=\"elementor-tab-content-7274\" aria-expanded=\"false\">\n\t\t\t\t\t\t\t\t\t\t\t\t<span class=\"elementor-toggle-icon elementor-toggle-icon-right\" aria-hidden=\"true\">\n\t\t\t\t\t\t\t\t\t\t\t\t\t\t\t<span class=\"elementor-toggle-icon-closed\"><i class=\"fas fa-caret-right\"><\/i><\/span>\n\t\t\t\t\t\t\t\t<span class=\"elementor-toggle-icon-opened\"><i class=\"elementor-toggle-icon-opened fas fa-caret-up\"><\/i><\/span>\n\t\t\t\t\t\t\t\t\t\t\t\t\t<\/span>\n\t\t\t\t\t\t\t\t\t\t\t\t<a class=\"elementor-toggle-title\" tabindex=\"0\">czy mo\u017cna wykona\u0107 dom z p\u0142yty warstwowej?<\/a>\n\t\t\t\t\t<\/div>\n\n\t\t\t\t\t<div id=\"elementor-tab-content-7274\" class=\"elementor-tab-content elementor-clearfix\" data-tab=\"4\" role=\"region\" aria-labelledby=\"elementor-tab-title-7274\"><p>Tak !&nbsp; <br>P\u0142yty warstwowe s\u0105 coraz cz\u0119\u015bciej u\u017cywane do obudowy dach\u00f3w i \u015bcian budynk\u00f3w. S\u0105 one \u0142atwe w monta\u017cu i zapewniaj\u0105 doskona\u0142\u0105 izolacj\u0119 termiczn\u0105 i akustyczn\u0105.<\/p><p>Na p\u0142yt\u0119 mo\u017cna zak\u0142ada\u0107 dowolne elementy elewacyjne, aby uzyska\u0107 efektowny i nowoczesny wygl\u0105d.&nbsp;<\/p>\n<p>P\u0142yty zamiast pustak\u00f3w i cegie\u0142? szybciej, taniej i wygodniej!&nbsp;<\/p><\/div>\n\t\t\t\t<\/div>\n\t\t\t\t\t\t\t<div class=\"elementor-toggle-item\">\n\t\t\t\t\t<div id=\"elementor-tab-title-7275\" class=\"elementor-tab-title\" data-tab=\"5\" role=\"button\" aria-controls=\"elementor-tab-content-7275\" aria-expanded=\"false\">\n\t\t\t\t\t\t\t\t\t\t\t\t<span class=\"elementor-toggle-icon elementor-toggle-icon-right\" aria-hidden=\"true\">\n\t\t\t\t\t\t\t\t\t\t\t\t\t\t\t<span class=\"elementor-toggle-icon-closed\"><i class=\"fas fa-caret-right\"><\/i><\/span>\n\t\t\t\t\t\t\t\t<span class=\"elementor-toggle-icon-opened\"><i class=\"elementor-toggle-icon-opened fas fa-caret-up\"><\/i><\/span>\n\t\t\t\t\t\t\t\t\t\t\t\t\t<\/span>\n\t\t\t\t\t\t\t\t\t\t\t\t<a class=\"elementor-toggle-title\" tabindex=\"0\">Gdze najlepiej zam\u00f3wi\u0107 p\u0142yt\u0119 warstwow\u0105?<\/a>\n\t\t\t\t\t<\/div>\n\n\t\t\t\t\t<div id=\"elementor-tab-content-7275\" class=\"elementor-tab-content elementor-clearfix\" data-tab=\"5\" role=\"region\" aria-labelledby=\"elementor-tab-title-7275\"><p>Na rynku jest wiele miejsc, gdzie mo\u017cna dosta\u0107 p\u0142yt\u0119 warstwow\u0105 ale najlepiej zam\u00f3wi\u0107 j\u0105 prosto od producenta.<\/p>\n<p>Mamy wtedy pewno\u015b\u0107 najwy\u017cszej jako\u015bci, skuteczn\u0105 gwarancj\u0119 oraz profesjonaln\u0105 i bezpieczn\u0105 dostaw\u0119. Nie ma ryzyka \u017ce modu\u0142 przyjedzie uszkodzony lub wadliwy.&nbsp;<\/p>\n<p>Niestety producent mo\u017ce nalicza\u0107 dodatkowe koszty, takie jak np. koszt za rozpocz\u0119cie i zako\u0144czenie produkcji niezale\u017cnie od zamawianej ilo\u015bci, oraz koszty dostaw, kt\u00f3re mog\u0105 by\u0107 wysokie w zale\u017cno\u015bci od odleg\u0142o\u015bci od fabryki. Z tego powodu zadeklarowana cena za panel mo\u017ce wzrosn\u0105\u0107 nawet o kilkana\u015bcie z\u0142otych za m2.&nbsp;<\/p>\n<p>Kupuj\u0105c u GREKO, otrzymujesz panele prosto z fabryki Paneltech, otrzymasz wsparcie techniczne oraz pewno\u015b\u0107 ceny.&nbsp;<\/p>\n<p>Ju\u017c na pocz\u0105tku otrzymasz cen\u0119 za m2 panela bez \u017cadnych dodatkowych, ukrytych koszt\u00f3w.&nbsp;<\/p>\n<p>Sprawd\u017a nasz\u0105 ofert\u0119 bo warto.&nbsp;<\/p>\n<p>Zapraszamy do kontaktu<\/p><\/div>\n\t\t\t\t<\/div>\n\t\t\t\t\t\t\t\t<\/div>\n\t\t\t\t\t\t<\/div>\n\t\t\t\t<\/div>\n\t\t\t\t\t<\/div>\n\t\t<\/div>\n\t\t\t\t\t<\/div>\n\t\t<\/section>\n\t\t\t\t<\/div>\n\t\t","protected":false},"excerpt":{"rendered":"<p>FAQ Najcz\u0119\u015bciej zadawane pytania co to jest p\u0142yta warstwowa? P\u0142yta warstwowa to rodzaj materia\u0142u budowlanego, kt\u00f3ry sk\u0142ada si\u0119 z dw\u00f3ch warstw materia\u0142u ok\u0142adzinowego, takich jak blacha lub p\u0142yta OSB, po\u0142\u0105czonych warstw\u0105 izolacji, takiej jak poliuretan lub pianka poliizocyjanurowa. P\u0142yty warstwowe s\u0105 dost\u0119pne w r\u00f3\u017cnych grubo\u015bciach, w zale\u017cno\u015bci od wymaga\u0144 aplikacji. Przyk\u0142adowe zdj\u0119cie przedstawia p\u0142yt\u0119 z [&hellip;]<\/p>\n","protected":false},"author":2,"featured_media":0,"parent":0,"menu_order":0,"comment_status":"closed","ping_status":"closed","template":"","meta":{"_uag_custom_page_level_css":"","site-sidebar-layout":"no-sidebar","site-content-layout":"page-builder","ast-site-content-layout":"","site-content-style":"default","site-sidebar-style":"default","ast-global-header-display":"","ast-banner-title-visibility":"","ast-main-header-display":"","ast-hfb-above-header-display":"","ast-hfb-below-header-display":"","ast-hfb-mobile-header-display":"","site-post-title":"disabled","ast-breadcrumbs-content":"","ast-featured-img":"disabled","footer-sml-layout":"","theme-transparent-header-meta":"default","adv-header-id-meta":"","stick-header-meta":"","header-above-stick-meta":"","header-main-stick-meta":"","header-below-stick-meta":"","astra-migrate-meta-layouts":"default","ast-page-background-enabled":"default","ast-page-background-meta":{"desktop":{"background-color":"","background-image":"","background-repeat":"repeat","background-position":"center center","background-size":"auto","background-attachment":"scroll","background-type":"","background-media":"","overlay-type":"","overlay-color":"","overlay-gradient":""},"tablet":{"background-color":"","background-image":"","background-repeat":"repeat","background-position":"center center","background-size":"auto","background-attachment":"scroll","background-type":"","background-media":"","overlay-type":"","overlay-color":"","overlay-gradient":""},"mobile":{"background-color":"","background-image":"","background-repeat":"repeat","background-position":"center center","background-size":"auto","background-attachment":"scroll","background-type":"","background-media":"","overlay-type":"","overlay-color":"","overlay-gradient":""}},"ast-content-background-meta":{"desktop":{"background-color":"var(--ast-global-color-5)","background-image":"","background-repeat":"repeat","background-position":"center center","background-size":"auto","background-attachment":"scroll","background-type":"","background-media":"","overlay-type":"","overlay-color":"","overlay-gradient":""},"tablet":{"background-color":"var(--ast-global-color-5)","background-image":"","background-repeat":"repeat","background-position":"center center","background-size":"auto","background-attachment":"scroll","background-type":"","background-media":"","overlay-type":"","overlay-color":"","overlay-gradient":""},"mobile":{"background-color":"var(--ast-global-color-5)","background-image":"","background-repeat":"repeat","background-position":"center center","background-size":"auto","background-attachment":"scroll","background-type":"","background-media":"","overlay-type":"","overlay-color":"","overlay-gradient":""}},"footnotes":""},"class_list":["post-1256","page","type-page","status-publish","hentry"],"uagb_featured_image_src":{"full":false,"thumbnail":false,"medium":false,"medium_large":false,"large":false,"1536x1536":false,"2048x2048":false},"uagb_author_info":{"display_name":"Pawe\u0142 Ko\u0142odziej","author_link":"https:\/\/fhu-greko.pl\/author\/gawel\/"},"uagb_comment_info":0,"uagb_excerpt":"FAQ Najcz\u0119\u015bciej zadawane pytania co to jest p\u0142yta warstwowa? P\u0142yta warstwowa to rodzaj materia\u0142u budowlanego, kt\u00f3ry sk\u0142ada si\u0119 z dw\u00f3ch warstw materia\u0142u ok\u0142adzinowego, takich jak blacha lub p\u0142yta OSB, po\u0142\u0105czonych warstw\u0105 izolacji, takiej jak poliuretan lub pianka poliizocyjanurowa. P\u0142yty warstwowe s\u0105 dost\u0119pne w r\u00f3\u017cnych grubo\u015bciach, w zale\u017cno\u015bci od wymaga\u0144 aplikacji. Przyk\u0142adowe zdj\u0119cie przedstawia p\u0142yt\u0119 z&hellip;","_links":{"self":[{"href":"https:\/\/fhu-greko.pl\/index.php\/wp-json\/wp\/v2\/pages\/1256","targetHints":{"allow":["GET"]}}],"collection":[{"href":"https:\/\/fhu-greko.pl\/index.php\/wp-json\/wp\/v2\/pages"}],"about":[{"href":"https:\/\/fhu-greko.pl\/index.php\/wp-json\/wp\/v2\/types\/page"}],"author":[{"embeddable":true,"href":"https:\/\/fhu-greko.pl\/index.php\/wp-json\/wp\/v2\/users\/2"}],"replies":[{"embeddable":true,"href":"https:\/\/fhu-greko.pl\/index.php\/wp-json\/wp\/v2\/comments?post=1256"}],"version-history":[{"count":29,"href":"https:\/\/fhu-greko.pl\/index.php\/wp-json\/wp\/v2\/pages\/1256\/revisions"}],"predecessor-version":[{"id":1422,"href":"https:\/\/fhu-greko.pl\/index.php\/wp-json\/wp\/v2\/pages\/1256\/revisions\/1422"}],"wp:attachment":[{"href":"https:\/\/fhu-greko.pl\/index.php\/wp-json\/wp\/v2\/media?parent=1256"}],"curies":[{"name":"wp","href":"https:\/\/api.w.org\/{rel}","templated":true}]}}